{"id":1276,"date":"2020-02-17T13:56:13","date_gmt":"2020-02-17T13:56:13","guid":{"rendered":"https:\/\/frederictonfarmersmarket.ca\/process\/"},"modified":"2023-05-05T17:59:57","modified_gmt":"2023-05-05T17:59:57","slug":"process","status":"publish","type":"page","link":"https:\/\/frederictonfarmersmarket.ca\/fr\/process\/","title":{"rendered":"Processus"},"content":{"rendered":"\n<p>Modalit\u00e9s d\u2019inscription<\/p>\n\n\n\n<p>C\u2019est facile de pr\u00e9senter une demande pour vendre au march\u00e9. Voici comment faire.<\/p>\n\n\n\n<ol class=\"wp-block-list\"><li>Lisez la FAQ pour vous assurer d\u2019\u00eatre admissible et de bien comprendre le r\u00e8glement et les responsabilit\u00e9s.\u00a0<\/li><li>\u00c9num\u00e9rez tous les articles que vous souhaitez vendre et site web et liens vers les medias sociaux. ( Les formulaires des ann\u00e9es pr\u00e9c\u00e9dentes ne seront pas pris en consid\u00e9ration dans votre demande.)<\/li><li>Envoyez un courriel ou une lettre \u00e0 <a href=\"mailto:manager@frederictonfarmersmarket.ca\">manager@frederictonfarmersmarket.ca<\/a> ou a\/s de Newmarket Properties Inc., C.P.\u00a035, Fredericton (N.\u2011B.) E3B\u00a04Y2. Les demandes seront \u00e9tudi\u00e9es dans l\u2019ordre o\u00f9 elles seront re\u00e7ues.<\/li><li>Apr\u00e8s deux \u00e0 trois\u00a0semaines, vous recevrez une r\u00e9ponse par \u00e9crit confirmant l\u2019\u00e9tat de votre demande. Aucune justification ne sera fournie pour les demandes rejet\u00e9es.<\/li><li>Si votre demande est approuv\u00e9e, f\u00e9licitations! Vous \u00eates maintenant l\u2019un de nos marchands.<\/li><li>Veuillez noter que le permis d\u2019un marchand peut \u00eatre suspendu ou annul\u00e9 en tout temps.<\/li><\/ol>\n","protected":false},"excerpt":{"rendered":"<p>Modalit\u00e9s d\u2019inscription C\u2019est facile de pr\u00e9senter une demande pour vendre au march\u00e9. Voici comment faire. Lisez la FAQ pour vous assurer d\u2019\u00eatre admissible et de bien comprendre le r\u00e8glement et les responsabilit\u00e9s.\u00a0 \u00c9num\u00e9rez tous les articles que vous souhaitez vendre et site web et liens vers les medias sociaux. ( Les formulaires des ann\u00e9es pr\u00e9c\u00e9dentes [&hellip;]<\/p>\n","protected":false},"author":4,"featured_media":0,"parent":0,"menu_order":0,"comment_status":"closed","ping_status":"closed","template":"","meta":{"_acf_changed":false,"inline_featured_image":false,"footnotes":""},"class_list":["post-1276","page","type-page","status-publish","hentry"],"acf":[],"yoast_head":"<!-- This site is optimized with the Yoast SEO plugin v25.4 - https:\/\/yoast.com\/wordpress\/plugins\/seo\/ -->\n<title>Fredericton Boyce Farmers Market | Processus<\/title>\n<meta name=\"description\" content=\"Founded in 1951, we are Fredericton&#039;s original and largest farmers&#039; market. For nearly 70 years, locals and visitors have flocked here to shop, snack and socialize. As one of Canada&#039;s Top 10 Community Markets, we set the bar high, keeping things fresh with a diverse mix of over 200 unique food and craft vendors and an on-site restaurant. Whether you&#039;re an early bird or you like to sleep in, The Fredericton Boyce Farmers Market is the perfect way to kick off your weekend.\" \/>\n<meta name=\"robots\" content=\"index, follow, max-snippet:-1, max-image-preview:large, max-video-preview:-1\" \/>\n<link rel=\"canonical\" href=\"https:\/\/frederictonfarmersmarket.ca\/fr\/process\/\" \/>\n<meta property=\"og:locale\" content=\"fr_FR\" \/>\n<meta property=\"og:type\" content=\"article\" \/>\n<meta property=\"og:title\" content=\"Fredericton Boyce Farmers Market | Processus\" \/>\n<meta property=\"og:description\" content=\"Founded in 1951, we are Fredericton&#039;s original and largest farmers&#039; market. For nearly 70 years, locals and visitors have flocked here to shop, snack and socialize. As one of Canada&#039;s Top 10 Community Markets, we set the bar high, keeping things fresh with a diverse mix of over 200 unique food and craft vendors and an on-site restaurant. Whether you&#039;re an early bird or you like to sleep in, The Fredericton Boyce Farmers Market is the perfect way to kick off your weekend.\" \/>\n<meta property=\"og:url\" content=\"https:\/\/frederictonfarmersmarket.ca\/fr\/process\/\" \/>\n<meta property=\"og:site_name\" content=\"Fredericton Boyce Farmers Market\" \/>\n<meta property=\"article:publisher\" content=\"https:\/\/www.facebook.com\/FrederictonFarmersMarket\/\" \/>\n<meta property=\"article:modified_time\" content=\"2023-05-05T17:59:57+00:00\" \/>\n<meta property=\"og:image\" content=\"https:\/\/frederictonfarmersmarket.ca\/wp-content\/uploads\/2024\/01\/Website.jpg\" \/>\n\t<meta property=\"og:image:width\" content=\"1200\" \/>\n\t<meta property=\"og:image:height\" content=\"675\" \/>\n\t<meta property=\"og:image:type\" content=\"image\/jpeg\" \/>\n<meta name=\"twitter:card\" content=\"summary_large_image\" \/>\n<meta name=\"twitter:site\" content=\"@FredFarmMarket\" \/>\n<meta name=\"twitter:label1\" content=\"Dur\u00e9e de lecture estim\u00e9e\" \/>\n\t<meta name=\"twitter:data1\" content=\"1 minute\" \/>\n<script type=\"application\/ld+json\" class=\"yoast-schema-graph\">{\"@context\":\"https:\/\/schema.org\",\"@graph\":[{\"@type\":\"WebPage\",\"@id\":\"https:\/\/frederictonfarmersmarket.ca\/fr\/process\/\",\"url\":\"https:\/\/frederictonfarmersmarket.ca\/fr\/process\/\",\"name\":\"Fredericton Boyce Farmers Market | Processus\",\"isPartOf\":{\"@id\":\"https:\/\/frederictonfarmersmarket.ca\/fr\/#website\"},\"datePublished\":\"2020-02-17T13:56:13+00:00\",\"dateModified\":\"2023-05-05T17:59:57+00:00\",\"description\":\"Founded in 1951, we are Fredericton's original and largest farmers' market. For nearly 70 years, locals and visitors have flocked here to shop, snack and socialize. As one of Canada's Top 10 Community Markets, we set the bar high, keeping things fresh with a diverse mix of over 200 unique food and craft vendors and an on-site restaurant. Whether you're an early bird or you like to sleep in, The Fredericton Boyce Farmers Market is the perfect way to kick off your weekend.\",\"breadcrumb\":{\"@id\":\"https:\/\/frederictonfarmersmarket.ca\/fr\/process\/#breadcrumb\"},\"inLanguage\":\"fr-FR\",\"potentialAction\":[{\"@type\":\"ReadAction\",\"target\":[\"https:\/\/frederictonfarmersmarket.ca\/fr\/process\/\"]}]},{\"@type\":\"BreadcrumbList\",\"@id\":\"https:\/\/frederictonfarmersmarket.ca\/fr\/process\/#breadcrumb\",\"itemListElement\":[{\"@type\":\"ListItem\",\"position\":1,\"name\":\"Home\",\"item\":\"https:\/\/frederictonfarmersmarket.ca\/fr\/\"},{\"@type\":\"ListItem\",\"position\":2,\"name\":\"Processus\"}]},{\"@type\":\"WebSite\",\"@id\":\"https:\/\/frederictonfarmersmarket.ca\/fr\/#website\",\"url\":\"https:\/\/frederictonfarmersmarket.ca\/fr\/\",\"name\":\"Fredericton Boyce Farmers Market\",\"description\":\"Just another WordPress site\",\"publisher\":{\"@id\":\"https:\/\/frederictonfarmersmarket.ca\/fr\/#organization\"},\"alternateName\":\"Fredericton Farmers Market\",\"potentialAction\":[{\"@type\":\"SearchAction\",\"target\":{\"@type\":\"EntryPoint\",\"urlTemplate\":\"https:\/\/frederictonfarmersmarket.ca\/fr\/?s={search_term_string}\"},\"query-input\":{\"@type\":\"PropertyValueSpecification\",\"valueRequired\":true,\"valueName\":\"search_term_string\"}}],\"inLanguage\":\"fr-FR\"},{\"@type\":\"Organization\",\"@id\":\"https:\/\/frederictonfarmersmarket.ca\/fr\/#organization\",\"name\":\"Fredericton Boyce Farmers Market\",\"alternateName\":\"FBFM\",\"url\":\"https:\/\/frederictonfarmersmarket.ca\/fr\/\",\"logo\":{\"@type\":\"ImageObject\",\"inLanguage\":\"fr-FR\",\"@id\":\"https:\/\/frederictonfarmersmarket.ca\/fr\/#\/schema\/logo\/image\/\",\"url\":\"https:\/\/frederictonfarmersmarket.ca\/wp-content\/uploads\/2020\/02\/FarmersMarket-Logo.svg\",\"contentUrl\":\"https:\/\/frederictonfarmersmarket.ca\/wp-content\/uploads\/2020\/02\/FarmersMarket-Logo.svg\",\"width\":\"1024\",\"height\":\"1024\",\"caption\":\"Fredericton Boyce Farmers Market\"},\"image\":{\"@id\":\"https:\/\/frederictonfarmersmarket.ca\/fr\/#\/schema\/logo\/image\/\"},\"sameAs\":[\"https:\/\/www.facebook.com\/FrederictonFarmersMarket\/\",\"https:\/\/x.com\/FredFarmMarket\",\"https:\/\/www.instagram.com\/fredfarmmarket\/\"]}]}<\/script>\n<!-- \/ Yoast SEO plugin. -->","yoast_head_json":{"title":"Fredericton Boyce Farmers Market | Processus","description":"Founded in 1951, we are Fredericton's original and largest farmers' market. For nearly 70 years, locals and visitors have flocked here to shop, snack and socialize. As one of Canada's Top 10 Community Markets, we set the bar high, keeping things fresh with a diverse mix of over 200 unique food and craft vendors and an on-site restaurant. Whether you're an early bird or you like to sleep in, The Fredericton Boyce Farmers Market is the perfect way to kick off your weekend.","robots":{"index":"index","follow":"follow","max-snippet":"max-snippet:-1","max-image-preview":"max-image-preview:large","max-video-preview":"max-video-preview:-1"},"canonical":"https:\/\/frederictonfarmersmarket.ca\/fr\/process\/","og_locale":"fr_FR","og_type":"article","og_title":"Fredericton Boyce Farmers Market | Processus","og_description":"Founded in 1951, we are Fredericton's original and largest farmers' market. For nearly 70 years, locals and visitors have flocked here to shop, snack and socialize. As one of Canada's Top 10 Community Markets, we set the bar high, keeping things fresh with a diverse mix of over 200 unique food and craft vendors and an on-site restaurant. Whether you're an early bird or you like to sleep in, The Fredericton Boyce Farmers Market is the perfect way to kick off your weekend.","og_url":"https:\/\/frederictonfarmersmarket.ca\/fr\/process\/","og_site_name":"Fredericton Boyce Farmers Market","article_publisher":"https:\/\/www.facebook.com\/FrederictonFarmersMarket\/","article_modified_time":"2023-05-05T17:59:57+00:00","og_image":[{"width":1200,"height":675,"url":"https:\/\/frederictonfarmersmarket.ca\/wp-content\/uploads\/2024\/01\/Website.jpg","type":"image\/jpeg"}],"twitter_card":"summary_large_image","twitter_site":"@FredFarmMarket","twitter_misc":{"Dur\u00e9e de lecture estim\u00e9e":"1 minute"},"schema":{"@context":"https:\/\/schema.org","@graph":[{"@type":"WebPage","@id":"https:\/\/frederictonfarmersmarket.ca\/fr\/process\/","url":"https:\/\/frederictonfarmersmarket.ca\/fr\/process\/","name":"Fredericton Boyce Farmers Market | Processus","isPartOf":{"@id":"https:\/\/frederictonfarmersmarket.ca\/fr\/#website"},"datePublished":"2020-02-17T13:56:13+00:00","dateModified":"2023-05-05T17:59:57+00:00","description":"Founded in 1951, we are Fredericton's original and largest farmers' market. For nearly 70 years, locals and visitors have flocked here to shop, snack and socialize. As one of Canada's Top 10 Community Markets, we set the bar high, keeping things fresh with a diverse mix of over 200 unique food and craft vendors and an on-site restaurant. Whether you're an early bird or you like to sleep in, The Fredericton Boyce Farmers Market is the perfect way to kick off your weekend.","breadcrumb":{"@id":"https:\/\/frederictonfarmersmarket.ca\/fr\/process\/#breadcrumb"},"inLanguage":"fr-FR","potentialAction":[{"@type":"ReadAction","target":["https:\/\/frederictonfarmersmarket.ca\/fr\/process\/"]}]},{"@type":"BreadcrumbList","@id":"https:\/\/frederictonfarmersmarket.ca\/fr\/process\/#breadcrumb","itemListElement":[{"@type":"ListItem","position":1,"name":"Home","item":"https:\/\/frederictonfarmersmarket.ca\/fr\/"},{"@type":"ListItem","position":2,"name":"Processus"}]},{"@type":"WebSite","@id":"https:\/\/frederictonfarmersmarket.ca\/fr\/#website","url":"https:\/\/frederictonfarmersmarket.ca\/fr\/","name":"Fredericton Boyce Farmers Market","description":"Just another WordPress site","publisher":{"@id":"https:\/\/frederictonfarmersmarket.ca\/fr\/#organization"},"alternateName":"Fredericton Farmers Market","potentialAction":[{"@type":"SearchAction","target":{"@type":"EntryPoint","urlTemplate":"https:\/\/frederictonfarmersmarket.ca\/fr\/?s={search_term_string}"},"query-input":{"@type":"PropertyValueSpecification","valueRequired":true,"valueName":"search_term_string"}}],"inLanguage":"fr-FR"},{"@type":"Organization","@id":"https:\/\/frederictonfarmersmarket.ca\/fr\/#organization","name":"Fredericton Boyce Farmers Market","alternateName":"FBFM","url":"https:\/\/frederictonfarmersmarket.ca\/fr\/","logo":{"@type":"ImageObject","inLanguage":"fr-FR","@id":"https:\/\/frederictonfarmersmarket.ca\/fr\/#\/schema\/logo\/image\/","url":"https:\/\/frederictonfarmersmarket.ca\/wp-content\/uploads\/2020\/02\/FarmersMarket-Logo.svg","contentUrl":"https:\/\/frederictonfarmersmarket.ca\/wp-content\/uploads\/2020\/02\/FarmersMarket-Logo.svg","width":"1024","height":"1024","caption":"Fredericton Boyce Farmers Market"},"image":{"@id":"https:\/\/frederictonfarmersmarket.ca\/fr\/#\/schema\/logo\/image\/"},"sameAs":["https:\/\/www.facebook.com\/FrederictonFarmersMarket\/","https:\/\/x.com\/FredFarmMarket","https:\/\/www.instagram.com\/fredfarmmarket\/"]}]}},"_links":{"self":[{"href":"https:\/\/frederictonfarmersmarket.ca\/fr\/wp-json\/wp\/v2\/pages\/1276","targetHints":{"allow":["GET"]}}],"collection":[{"href":"https:\/\/frederictonfarmersmarket.ca\/fr\/wp-json\/wp\/v2\/pages"}],"about":[{"href":"https:\/\/frederictonfarmersmarket.ca\/fr\/wp-json\/wp\/v2\/types\/page"}],"author":[{"embeddable":true,"href":"https:\/\/frederictonfarmersmarket.ca\/fr\/wp-json\/wp\/v2\/users\/4"}],"replies":[{"embeddable":true,"href":"https:\/\/frederictonfarmersmarket.ca\/fr\/wp-json\/wp\/v2\/comments?post=1276"}],"version-history":[{"count":4,"href":"https:\/\/frederictonfarmersmarket.ca\/fr\/wp-json\/wp\/v2\/pages\/1276\/revisions"}],"predecessor-version":[{"id":2064,"href":"https:\/\/frederictonfarmersmarket.ca\/fr\/wp-json\/wp\/v2\/pages\/1276\/revisions\/2064"}],"wp:attachment":[{"href":"https:\/\/frederictonfarmersmarket.ca\/fr\/wp-json\/wp\/v2\/media?parent=1276"}],"curies":[{"name":"wp","href":"https:\/\/api.w.org\/{rel}","templated":true}]}}