{"id":1270,"date":"2020-02-17T11:56:17","date_gmt":"2020-02-17T11:56:17","guid":{"rendered":"https:\/\/frederictonfarmersmarket.ca\/about-us\/"},"modified":"2020-11-02T15:08:35","modified_gmt":"2020-11-02T15:08:35","slug":"about-us","status":"publish","type":"page","link":"https:\/\/frederictonfarmersmarket.ca\/fr\/about-us\/","title":{"rendered":"Qui sommes-nous?"},"content":{"rendered":"\n<h2 class=\"wp-block-heading\"><em>Une tradition locale<\/em><\/h2>\n\n\n\n<p>Le march\u00e9 est une institution \u00e0 Fredericton la fin de semaine. Chaque samedi, ce lieu de rassemblement au centre-ville est un carrefour plein d\u2019animation o\u00f9 nourriture, cr\u00e9ativit\u00e9, conversations et amis sont au rendez-vous. Prenez un d\u00e9jeuner chaud sur place ou promenez-vous en d\u00e9vorant des sandwichs au falafel, des burgers de bison ou d\u2019autres d\u00e9lices de l\u2019all\u00e9e de l\u2019alimentation.<\/p>\n\n\n\n<hr class=\"wp-block-separator\"\/>\n\n\n\n<h3 class=\"wp-block-heading\">Directement de la source<\/h3>\n\n\n\n<p>Le march\u00e9 est l\u2019endroit o\u00f9 rencontrer les producteurs et les fabricants locaux en personne pour go\u00fbter au meilleur de leur r\u00e9colte. Lorsque vous achetez de la source, vous n\u2019achetez pas que le produit, vous apprenez \u00e0 conna\u00eetre l\u2019histoire et la personne qui se trouvent derri\u00e8re. Certains marchands vendent au march\u00e9 depuis des g\u00e9n\u00e9rations; ils en ont long \u00e0 raconter.<\/p>\n\n\n\n<hr class=\"wp-block-separator\"\/>\n\n\n\n<h3 class=\"wp-block-heading\">Des r\u00e9coltes toujours exceptionnelles<\/h3>\n\n\n\n<p>Comptant plus de 200\u00a0fournisseurs en aval et en amont de la rivi\u00e8re\u00a0Saint-Jean (Wolastoq) et de partout au Nouveau-Brunswick, le march\u00e9 est le rendez-vous des amateurs de bonne ch\u00e8re. Vous y trouverez des produits saisonniers, comme des crosses de foug\u00e8re et des bleuets, des fruits et l\u00e9gumes ultrafrais et biologiques, des viandes et des fruits de mer de premi\u00e8re qualit\u00e9, des produits de boulangerie-p\u00e2tisserie, des \u0153ufs frais de la ferme, des fromages, des confitures maison, des jus fra\u00eechement press\u00e9s, des vins et des cidres du Nouveau-Brunswick et des caf\u00e9s de sp\u00e9cialit\u00e9.<\/p>\n\n\n\n<hr class=\"wp-block-separator\"\/>\n\n\n\n<h3 class=\"wp-block-heading\">Notre collectivit\u00e9, notre culture<\/h3>\n\n\n\n<p>Le march\u00e9, c\u2019est de bonnes choses \u00e0 manger et bien plus. C\u2019est le reflet de ce que nous sommes, un exemple de la diversit\u00e9 toujours plus grande de notre ville. Go\u00fbtez \u00e0 des d\u00e9lices du monde entier, des brioches chinoises aux feuilles de vigne farcies libanaises en passant par nos fameux samossas. Le march\u00e9 reconna\u00eet aussi le travail essentiel des organismes de bienfaisance dans notre collectivit\u00e9. Voil\u00e0 pourquoi chaque semaine nous attribuons un espace aux organismes sans but lucratif de la r\u00e9gion afin qu\u2019ils puissent faire conna\u00eetre leur excellent travail.<\/p>\n\n\n\n<hr class=\"wp-block-separator\"\/>\n\n\n\n<h3 class=\"wp-block-heading\">Le march\u00e9 apr\u00e8s les heures d\u2019ouverture<\/h3>\n\n\n\n<p>Le march\u00e9 n\u2019est pas seulement un lieu de rassemblement pris\u00e9 le samedi matin et le meilleur endroit pour go\u00fbter et acheter des aliments et des produits locaux impeccables. C\u2019est aussi un espace rustique qu\u2019il est possible de louer pour des concerts, des conf\u00e9rences, des mariages et d\u2019autres \u00e9v\u00e9nements.<\/p>\n\n\n\n<div class=\"wp-block-button is-style-fill\"><a class=\"wp-block-button__link has-background has-vivid-red-background-color\" href=\"https:\/\/frederictonfarmersmarket.ca\/market-after-hours\/\">POUR EN SAVOIR PLUS<\/a><\/div>\n","protected":false},"excerpt":{"rendered":"<p>Une tradition locale Le march\u00e9 est une institution \u00e0 Fredericton la fin de semaine. Chaque samedi, ce lieu de rassemblement au centre-ville est un carrefour plein d\u2019animation o\u00f9 nourriture, cr\u00e9ativit\u00e9, conversations et amis sont au rendez-vous. Prenez un d\u00e9jeuner chaud sur place ou promenez-vous en d\u00e9vorant des sandwichs au falafel, des burgers de bison ou [&hellip;]<\/p>\n","protected":false},"author":4,"featured_media":0,"parent":0,"menu_order":0,"comment_status":"closed","ping_status":"closed","template":"","meta":{"_acf_changed":false,"inline_featured_image":false,"footnotes":""},"class_list":["post-1270","page","type-page","status-publish","hentry"],"acf":[],"yoast_head":"<!-- This site is optimized with the Yoast SEO plugin v25.4 - https:\/\/yoast.com\/wordpress\/plugins\/seo\/ -->\n<title>Fredericton Boyce Farmers Market | Qui sommes-nous?<\/title>\n<meta name=\"description\" content=\"Founded in 1951, we are Fredericton&#039;s original and largest farmers&#039; market. For nearly 70 years, locals and visitors have flocked here to shop, snack and socialize. As one of Canada&#039;s Top 10 Community Markets, we set the bar high, keeping things fresh with a diverse mix of over 200 unique food and craft vendors and an on-site restaurant. Whether you&#039;re an early bird or you like to sleep in, The Fredericton Boyce Farmers Market is the perfect way to kick off your weekend.\" \/>\n<meta name=\"robots\" content=\"index, follow, max-snippet:-1, max-image-preview:large, max-video-preview:-1\" \/>\n<link rel=\"canonical\" href=\"https:\/\/frederictonfarmersmarket.ca\/fr\/about-us\/\" \/>\n<meta property=\"og:locale\" content=\"fr_FR\" \/>\n<meta property=\"og:type\" content=\"article\" \/>\n<meta property=\"og:title\" content=\"Fredericton Boyce Farmers Market | Qui sommes-nous?\" \/>\n<meta property=\"og:description\" content=\"Founded in 1951, we are Fredericton&#039;s original and largest farmers&#039; market. For nearly 70 years, locals and visitors have flocked here to shop, snack and socialize. As one of Canada&#039;s Top 10 Community Markets, we set the bar high, keeping things fresh with a diverse mix of over 200 unique food and craft vendors and an on-site restaurant. Whether you&#039;re an early bird or you like to sleep in, The Fredericton Boyce Farmers Market is the perfect way to kick off your weekend.\" \/>\n<meta property=\"og:url\" content=\"https:\/\/frederictonfarmersmarket.ca\/fr\/about-us\/\" \/>\n<meta property=\"og:site_name\" content=\"Fredericton Boyce Farmers Market\" \/>\n<meta property=\"article:publisher\" content=\"https:\/\/www.facebook.com\/FrederictonFarmersMarket\/\" \/>\n<meta property=\"article:modified_time\" content=\"2020-11-02T15:08:35+00:00\" \/>\n<meta property=\"og:image\" content=\"https:\/\/frederictonfarmersmarket.ca\/wp-content\/uploads\/2024\/01\/Website.jpg\" \/>\n\t<meta property=\"og:image:width\" content=\"1200\" \/>\n\t<meta property=\"og:image:height\" content=\"675\" \/>\n\t<meta property=\"og:image:type\" content=\"image\/jpeg\" \/>\n<meta name=\"twitter:card\" content=\"summary_large_image\" \/>\n<meta name=\"twitter:site\" content=\"@FredFarmMarket\" \/>\n<meta name=\"twitter:label1\" content=\"Dur\u00e9e de lecture estim\u00e9e\" \/>\n\t<meta name=\"twitter:data1\" content=\"2 minutes\" \/>\n<script type=\"application\/ld+json\" class=\"yoast-schema-graph\">{\"@context\":\"https:\/\/schema.org\",\"@graph\":[{\"@type\":\"WebPage\",\"@id\":\"https:\/\/frederictonfarmersmarket.ca\/fr\/about-us\/\",\"url\":\"https:\/\/frederictonfarmersmarket.ca\/fr\/about-us\/\",\"name\":\"Fredericton Boyce Farmers Market | Qui sommes-nous?\",\"isPartOf\":{\"@id\":\"https:\/\/frederictonfarmersmarket.ca\/fr\/#website\"},\"datePublished\":\"2020-02-17T11:56:17+00:00\",\"dateModified\":\"2020-11-02T15:08:35+00:00\",\"description\":\"Founded in 1951, we are Fredericton's original and largest farmers' market. For nearly 70 years, locals and visitors have flocked here to shop, snack and socialize. As one of Canada's Top 10 Community Markets, we set the bar high, keeping things fresh with a diverse mix of over 200 unique food and craft vendors and an on-site restaurant. Whether you're an early bird or you like to sleep in, The Fredericton Boyce Farmers Market is the perfect way to kick off your weekend.\",\"breadcrumb\":{\"@id\":\"https:\/\/frederictonfarmersmarket.ca\/fr\/about-us\/#breadcrumb\"},\"inLanguage\":\"fr-FR\",\"potentialAction\":[{\"@type\":\"ReadAction\",\"target\":[\"https:\/\/frederictonfarmersmarket.ca\/fr\/about-us\/\"]}]},{\"@type\":\"BreadcrumbList\",\"@id\":\"https:\/\/frederictonfarmersmarket.ca\/fr\/about-us\/#breadcrumb\",\"itemListElement\":[{\"@type\":\"ListItem\",\"position\":1,\"name\":\"Home\",\"item\":\"https:\/\/frederictonfarmersmarket.ca\/fr\/\"},{\"@type\":\"ListItem\",\"position\":2,\"name\":\"Qui sommes-nous?\"}]},{\"@type\":\"WebSite\",\"@id\":\"https:\/\/frederictonfarmersmarket.ca\/fr\/#website\",\"url\":\"https:\/\/frederictonfarmersmarket.ca\/fr\/\",\"name\":\"Fredericton Boyce Farmers Market\",\"description\":\"Just another WordPress site\",\"publisher\":{\"@id\":\"https:\/\/frederictonfarmersmarket.ca\/fr\/#organization\"},\"alternateName\":\"Fredericton Farmers Market\",\"potentialAction\":[{\"@type\":\"SearchAction\",\"target\":{\"@type\":\"EntryPoint\",\"urlTemplate\":\"https:\/\/frederictonfarmersmarket.ca\/fr\/?s={search_term_string}\"},\"query-input\":{\"@type\":\"PropertyValueSpecification\",\"valueRequired\":true,\"valueName\":\"search_term_string\"}}],\"inLanguage\":\"fr-FR\"},{\"@type\":\"Organization\",\"@id\":\"https:\/\/frederictonfarmersmarket.ca\/fr\/#organization\",\"name\":\"Fredericton Boyce Farmers Market\",\"alternateName\":\"FBFM\",\"url\":\"https:\/\/frederictonfarmersmarket.ca\/fr\/\",\"logo\":{\"@type\":\"ImageObject\",\"inLanguage\":\"fr-FR\",\"@id\":\"https:\/\/frederictonfarmersmarket.ca\/fr\/#\/schema\/logo\/image\/\",\"url\":\"https:\/\/frederictonfarmersmarket.ca\/wp-content\/uploads\/2020\/02\/FarmersMarket-Logo.svg\",\"contentUrl\":\"https:\/\/frederictonfarmersmarket.ca\/wp-content\/uploads\/2020\/02\/FarmersMarket-Logo.svg\",\"width\":\"1024\",\"height\":\"1024\",\"caption\":\"Fredericton Boyce Farmers Market\"},\"image\":{\"@id\":\"https:\/\/frederictonfarmersmarket.ca\/fr\/#\/schema\/logo\/image\/\"},\"sameAs\":[\"https:\/\/www.facebook.com\/FrederictonFarmersMarket\/\",\"https:\/\/x.com\/FredFarmMarket\",\"https:\/\/www.instagram.com\/fredfarmmarket\/\"]}]}<\/script>\n<!-- \/ Yoast SEO plugin. -->","yoast_head_json":{"title":"Fredericton Boyce Farmers Market | Qui sommes-nous?","description":"Founded in 1951, we are Fredericton's original and largest farmers' market. For nearly 70 years, locals and visitors have flocked here to shop, snack and socialize. As one of Canada's Top 10 Community Markets, we set the bar high, keeping things fresh with a diverse mix of over 200 unique food and craft vendors and an on-site restaurant. Whether you're an early bird or you like to sleep in, The Fredericton Boyce Farmers Market is the perfect way to kick off your weekend.","robots":{"index":"index","follow":"follow","max-snippet":"max-snippet:-1","max-image-preview":"max-image-preview:large","max-video-preview":"max-video-preview:-1"},"canonical":"https:\/\/frederictonfarmersmarket.ca\/fr\/about-us\/","og_locale":"fr_FR","og_type":"article","og_title":"Fredericton Boyce Farmers Market | Qui sommes-nous?","og_description":"Founded in 1951, we are Fredericton's original and largest farmers' market. For nearly 70 years, locals and visitors have flocked here to shop, snack and socialize. As one of Canada's Top 10 Community Markets, we set the bar high, keeping things fresh with a diverse mix of over 200 unique food and craft vendors and an on-site restaurant. Whether you're an early bird or you like to sleep in, The Fredericton Boyce Farmers Market is the perfect way to kick off your weekend.","og_url":"https:\/\/frederictonfarmersmarket.ca\/fr\/about-us\/","og_site_name":"Fredericton Boyce Farmers Market","article_publisher":"https:\/\/www.facebook.com\/FrederictonFarmersMarket\/","article_modified_time":"2020-11-02T15:08:35+00:00","og_image":[{"width":1200,"height":675,"url":"https:\/\/frederictonfarmersmarket.ca\/wp-content\/uploads\/2024\/01\/Website.jpg","type":"image\/jpeg"}],"twitter_card":"summary_large_image","twitter_site":"@FredFarmMarket","twitter_misc":{"Dur\u00e9e de lecture estim\u00e9e":"2 minutes"},"schema":{"@context":"https:\/\/schema.org","@graph":[{"@type":"WebPage","@id":"https:\/\/frederictonfarmersmarket.ca\/fr\/about-us\/","url":"https:\/\/frederictonfarmersmarket.ca\/fr\/about-us\/","name":"Fredericton Boyce Farmers Market | Qui sommes-nous?","isPartOf":{"@id":"https:\/\/frederictonfarmersmarket.ca\/fr\/#website"},"datePublished":"2020-02-17T11:56:17+00:00","dateModified":"2020-11-02T15:08:35+00:00","description":"Founded in 1951, we are Fredericton's original and largest farmers' market. For nearly 70 years, locals and visitors have flocked here to shop, snack and socialize. As one of Canada's Top 10 Community Markets, we set the bar high, keeping things fresh with a diverse mix of over 200 unique food and craft vendors and an on-site restaurant. Whether you're an early bird or you like to sleep in, The Fredericton Boyce Farmers Market is the perfect way to kick off your weekend.","breadcrumb":{"@id":"https:\/\/frederictonfarmersmarket.ca\/fr\/about-us\/#breadcrumb"},"inLanguage":"fr-FR","potentialAction":[{"@type":"ReadAction","target":["https:\/\/frederictonfarmersmarket.ca\/fr\/about-us\/"]}]},{"@type":"BreadcrumbList","@id":"https:\/\/frederictonfarmersmarket.ca\/fr\/about-us\/#breadcrumb","itemListElement":[{"@type":"ListItem","position":1,"name":"Home","item":"https:\/\/frederictonfarmersmarket.ca\/fr\/"},{"@type":"ListItem","position":2,"name":"Qui sommes-nous?"}]},{"@type":"WebSite","@id":"https:\/\/frederictonfarmersmarket.ca\/fr\/#website","url":"https:\/\/frederictonfarmersmarket.ca\/fr\/","name":"Fredericton Boyce Farmers Market","description":"Just another WordPress site","publisher":{"@id":"https:\/\/frederictonfarmersmarket.ca\/fr\/#organization"},"alternateName":"Fredericton Farmers Market","potentialAction":[{"@type":"SearchAction","target":{"@type":"EntryPoint","urlTemplate":"https:\/\/frederictonfarmersmarket.ca\/fr\/?s={search_term_string}"},"query-input":{"@type":"PropertyValueSpecification","valueRequired":true,"valueName":"search_term_string"}}],"inLanguage":"fr-FR"},{"@type":"Organization","@id":"https:\/\/frederictonfarmersmarket.ca\/fr\/#organization","name":"Fredericton Boyce Farmers Market","alternateName":"FBFM","url":"https:\/\/frederictonfarmersmarket.ca\/fr\/","logo":{"@type":"ImageObject","inLanguage":"fr-FR","@id":"https:\/\/frederictonfarmersmarket.ca\/fr\/#\/schema\/logo\/image\/","url":"https:\/\/frederictonfarmersmarket.ca\/wp-content\/uploads\/2020\/02\/FarmersMarket-Logo.svg","contentUrl":"https:\/\/frederictonfarmersmarket.ca\/wp-content\/uploads\/2020\/02\/FarmersMarket-Logo.svg","width":"1024","height":"1024","caption":"Fredericton Boyce Farmers Market"},"image":{"@id":"https:\/\/frederictonfarmersmarket.ca\/fr\/#\/schema\/logo\/image\/"},"sameAs":["https:\/\/www.facebook.com\/FrederictonFarmersMarket\/","https:\/\/x.com\/FredFarmMarket","https:\/\/www.instagram.com\/fredfarmmarket\/"]}]}},"_links":{"self":[{"href":"https:\/\/frederictonfarmersmarket.ca\/fr\/wp-json\/wp\/v2\/pages\/1270","targetHints":{"allow":["GET"]}}],"collection":[{"href":"https:\/\/frederictonfarmersmarket.ca\/fr\/wp-json\/wp\/v2\/pages"}],"about":[{"href":"https:\/\/frederictonfarmersmarket.ca\/fr\/wp-json\/wp\/v2\/types\/page"}],"author":[{"embeddable":true,"href":"https:\/\/frederictonfarmersmarket.ca\/fr\/wp-json\/wp\/v2\/users\/4"}],"replies":[{"embeddable":true,"href":"https:\/\/frederictonfarmersmarket.ca\/fr\/wp-json\/wp\/v2\/comments?post=1270"}],"version-history":[{"count":2,"href":"https:\/\/frederictonfarmersmarket.ca\/fr\/wp-json\/wp\/v2\/pages\/1270\/revisions"}],"predecessor-version":[{"id":1342,"href":"https:\/\/frederictonfarmersmarket.ca\/fr\/wp-json\/wp\/v2\/pages\/1270\/revisions\/1342"}],"wp:attachment":[{"href":"https:\/\/frederictonfarmersmarket.ca\/fr\/wp-json\/wp\/v2\/media?parent=1270"}],"curies":[{"name":"wp","href":"https:\/\/api.w.org\/{rel}","templated":true}]}}